{"id":5005,"date":"2020-11-27T14:52:31","date_gmt":"2020-11-27T11:52:31","guid":{"rendered":"https:\/\/limonkids.com\/urun\/zenginlestirilmis-boyama-tasitlar\/"},"modified":"2024-01-08T16:05:55","modified_gmt":"2024-01-08T13:05:55","slug":"zenginlestirilmis-boyama-tasitlar","status":"publish","type":"product","link":"https:\/\/www.limonkids.com\/en\/urun\/zenginlestirilmis-boyama-tasitlar\/","title":{"rendered":"My Coloring Book Series &#8211; Vehicles"},"content":{"rendered":"<p>For age 3+, 16 Pages Each<br \/>\n7.67\u201d x 10.82\u201d dimensions<br \/>\nVegetable, fruit, vehicle, animal, occupation pictures to color for kids<br \/>\nRiddles and nursery rhymes<\/p>\n","protected":false},"excerpt":{"rendered":"<p>Children will have fun with coloring the pictures in this series. They will develop their fine motor skills.<br \/>\nThere are also fun riddles and nursery rhymes on each page which will support languge development.<\/p>\n","protected":false},"featured_media":4533,"template":"","meta":{"_acf_changed":false},"product_brand":[],"product_cat":[113],"product_tag":[121],"class_list":{"0":"post-5005","1":"product","2":"type-product","3":"status-publish","4":"has-post-thumbnail","6":"product_cat-coloring-books","7":"product_tag-limon-kids-en","9":"first","10":"instock","11":"product-type-simple"},"acf":[],"yoast_head":"<!-- This site is optimized with the Yoast SEO plugin v27.4 - https:\/\/yoast.com\/product\/yoast-seo-wordpress\/ -->\n<title>My Coloring Book Series - Vehicles - Limon Kids<\/title>\n<meta name=\"description\" content=\"Okul \u00f6ncesinde kodlama e\u011fitimi alan \u00e7ocuklar\u0131n b\u00fcy\u00fcd\u00fcklerinde bilgisayar ve robotlar\u0131n dilini \u00f6\u011frenmi\u015f bireyler olmalar\u0131 kolayla\u015f\u0131r.\" \/>\n<meta name=\"robots\" content=\"index, follow, max-snippet:-1, max-image-preview:large, max-video-preview:-1\" \/>\n<link rel=\"canonical\" href=\"https:\/\/www.limonkids.com\/en\/urun\/zenginlestirilmis-boyama-tasitlar\/\" \/>\n<meta property=\"og:locale\" content=\"en_US\" \/>\n<meta property=\"og:type\" content=\"article\" \/>\n<meta property=\"og:title\" content=\"My Coloring Book Series - Vehicles - Limon Kids\" \/>\n<meta property=\"og:description\" content=\"Okul \u00f6ncesinde kodlama e\u011fitimi alan \u00e7ocuklar\u0131n b\u00fcy\u00fcd\u00fcklerinde bilgisayar ve robotlar\u0131n dilini \u00f6\u011frenmi\u015f bireyler olmalar\u0131 kolayla\u015f\u0131r.\" \/>\n<meta property=\"og:url\" content=\"https:\/\/www.limonkids.com\/en\/urun\/zenginlestirilmis-boyama-tasitlar\/\" \/>\n<meta property=\"og:site_name\" content=\"Limon Kids\" \/>\n<meta property=\"article:modified_time\" content=\"2024-01-08T13:05:55+00:00\" \/>\n<meta property=\"og:image\" content=\"https:\/\/www.limonkids.com\/wp-content\/uploads\/2020\/11\/ZEBO_Tasitlar.png\" \/>\n\t<meta property=\"og:image:width\" content=\"1000\" \/>\n\t<meta property=\"og:image:height\" content=\"1119\" \/>\n\t<meta property=\"og:image:type\" content=\"image\/png\" \/>\n<meta name=\"twitter:card\" content=\"summary_large_image\" \/>\n<meta name=\"twitter:label1\" content=\"Est. reading time\" \/>\n\t<meta name=\"twitter:data1\" content=\"1 minute\" \/>\n<script type=\"application\/ld+json\" class=\"yoast-schema-graph\">{\"@context\":\"https:\\\/\\\/schema.org\",\"@graph\":[{\"@type\":\"WebPage\",\"@id\":\"https:\\\/\\\/www.limonkids.com\\\/en\\\/urun\\\/zenginlestirilmis-boyama-tasitlar\\\/\",\"url\":\"https:\\\/\\\/www.limonkids.com\\\/en\\\/urun\\\/zenginlestirilmis-boyama-tasitlar\\\/\",\"name\":\"My Coloring Book Series - Vehicles - Limon Kids\",\"isPartOf\":{\"@id\":\"https:\\\/\\\/www.limonkids.com\\\/en\\\/#website\"},\"primaryImageOfPage\":{\"@id\":\"https:\\\/\\\/www.limonkids.com\\\/en\\\/urun\\\/zenginlestirilmis-boyama-tasitlar\\\/#primaryimage\"},\"image\":{\"@id\":\"https:\\\/\\\/www.limonkids.com\\\/en\\\/urun\\\/zenginlestirilmis-boyama-tasitlar\\\/#primaryimage\"},\"thumbnailUrl\":\"https:\\\/\\\/www.limonkids.com\\\/wp-content\\\/uploads\\\/2020\\\/11\\\/ZEBO_Tasitlar.png\",\"datePublished\":\"2020-11-27T11:52:31+00:00\",\"dateModified\":\"2024-01-08T13:05:55+00:00\",\"description\":\"Okul \u00f6ncesinde kodlama e\u011fitimi alan \u00e7ocuklar\u0131n b\u00fcy\u00fcd\u00fcklerinde bilgisayar ve robotlar\u0131n dilini \u00f6\u011frenmi\u015f bireyler olmalar\u0131 kolayla\u015f\u0131r.\",\"breadcrumb\":{\"@id\":\"https:\\\/\\\/www.limonkids.com\\\/en\\\/urun\\\/zenginlestirilmis-boyama-tasitlar\\\/#breadcrumb\"},\"inLanguage\":\"en-US\",\"potentialAction\":[{\"@type\":\"ReadAction\",\"target\":[\"https:\\\/\\\/www.limonkids.com\\\/en\\\/urun\\\/zenginlestirilmis-boyama-tasitlar\\\/\"]}]},{\"@type\":\"ImageObject\",\"inLanguage\":\"en-US\",\"@id\":\"https:\\\/\\\/www.limonkids.com\\\/en\\\/urun\\\/zenginlestirilmis-boyama-tasitlar\\\/#primaryimage\",\"url\":\"https:\\\/\\\/www.limonkids.com\\\/wp-content\\\/uploads\\\/2020\\\/11\\\/ZEBO_Tasitlar.png\",\"contentUrl\":\"https:\\\/\\\/www.limonkids.com\\\/wp-content\\\/uploads\\\/2020\\\/11\\\/ZEBO_Tasitlar.png\",\"width\":1000,\"height\":1119},{\"@type\":\"BreadcrumbList\",\"@id\":\"https:\\\/\\\/www.limonkids.com\\\/en\\\/urun\\\/zenginlestirilmis-boyama-tasitlar\\\/#breadcrumb\",\"itemListElement\":[{\"@type\":\"ListItem\",\"position\":1,\"name\":\"Ana sayfa\",\"item\":\"https:\\\/\\\/www.limonkids.com\\\/en\\\/\"},{\"@type\":\"ListItem\",\"position\":2,\"name\":\"Shop\",\"item\":\"https:\\\/\\\/www.limonkids.com\\\/en\\\/shop\\\/\"},{\"@type\":\"ListItem\",\"position\":3,\"name\":\"My Coloring Book Series &#8211; Vehicles\"}]},{\"@type\":\"WebSite\",\"@id\":\"https:\\\/\\\/www.limonkids.com\\\/en\\\/#website\",\"url\":\"https:\\\/\\\/www.limonkids.com\\\/en\\\/\",\"name\":\"Limon Kids\",\"description\":\"\",\"publisher\":{\"@id\":\"https:\\\/\\\/www.limonkids.com\\\/en\\\/#organization\"},\"potentialAction\":[{\"@type\":\"SearchAction\",\"target\":{\"@type\":\"EntryPoint\",\"urlTemplate\":\"https:\\\/\\\/www.limonkids.com\\\/en\\\/?s={search_term_string}\"},\"query-input\":{\"@type\":\"PropertyValueSpecification\",\"valueRequired\":true,\"valueName\":\"search_term_string\"}}],\"inLanguage\":\"en-US\"},{\"@type\":\"Organization\",\"@id\":\"https:\\\/\\\/www.limonkids.com\\\/en\\\/#organization\",\"name\":\"Limon Kids\",\"url\":\"https:\\\/\\\/www.limonkids.com\\\/en\\\/\",\"logo\":{\"@type\":\"ImageObject\",\"inLanguage\":\"en-US\",\"@id\":\"https:\\\/\\\/www.limonkids.com\\\/en\\\/#\\\/schema\\\/logo\\\/image\\\/\",\"url\":\"https:\\\/\\\/limonkids.com\\\/wp-content\\\/uploads\\\/2020\\\/11\\\/Limon-Kids-Logo-1-1-1-1.png\",\"contentUrl\":\"https:\\\/\\\/limonkids.com\\\/wp-content\\\/uploads\\\/2020\\\/11\\\/Limon-Kids-Logo-1-1-1-1.png\",\"width\":150,\"height\":100,\"caption\":\"Limon Kids\"},\"image\":{\"@id\":\"https:\\\/\\\/www.limonkids.com\\\/en\\\/#\\\/schema\\\/logo\\\/image\\\/\"},\"sameAs\":[\"https:\\\/\\\/www.youtube.com\\\/channel\\\/UCpXnQvyyWSjrasV-3ODe41A\"]}]}<\/script>\n<!-- \/ Yoast SEO plugin. -->","yoast_head_json":{"title":"My Coloring Book Series - Vehicles - Limon Kids","description":"Okul \u00f6ncesinde kodlama e\u011fitimi alan \u00e7ocuklar\u0131n b\u00fcy\u00fcd\u00fcklerinde bilgisayar ve robotlar\u0131n dilini \u00f6\u011frenmi\u015f bireyler olmalar\u0131 kolayla\u015f\u0131r.","robots":{"index":"index","follow":"follow","max-snippet":"max-snippet:-1","max-image-preview":"max-image-preview:large","max-video-preview":"max-video-preview:-1"},"canonical":"https:\/\/www.limonkids.com\/en\/urun\/zenginlestirilmis-boyama-tasitlar\/","og_locale":"en_US","og_type":"article","og_title":"My Coloring Book Series - Vehicles - Limon Kids","og_description":"Okul \u00f6ncesinde kodlama e\u011fitimi alan \u00e7ocuklar\u0131n b\u00fcy\u00fcd\u00fcklerinde bilgisayar ve robotlar\u0131n dilini \u00f6\u011frenmi\u015f bireyler olmalar\u0131 kolayla\u015f\u0131r.","og_url":"https:\/\/www.limonkids.com\/en\/urun\/zenginlestirilmis-boyama-tasitlar\/","og_site_name":"Limon Kids","article_modified_time":"2024-01-08T13:05:55+00:00","og_image":[{"width":1000,"height":1119,"url":"https:\/\/www.limonkids.com\/wp-content\/uploads\/2020\/11\/ZEBO_Tasitlar.png","type":"image\/png"}],"twitter_card":"summary_large_image","twitter_misc":{"Est. reading time":"1 minute"},"schema":{"@context":"https:\/\/schema.org","@graph":[{"@type":"WebPage","@id":"https:\/\/www.limonkids.com\/en\/urun\/zenginlestirilmis-boyama-tasitlar\/","url":"https:\/\/www.limonkids.com\/en\/urun\/zenginlestirilmis-boyama-tasitlar\/","name":"My Coloring Book Series - Vehicles - Limon Kids","isPartOf":{"@id":"https:\/\/www.limonkids.com\/en\/#website"},"primaryImageOfPage":{"@id":"https:\/\/www.limonkids.com\/en\/urun\/zenginlestirilmis-boyama-tasitlar\/#primaryimage"},"image":{"@id":"https:\/\/www.limonkids.com\/en\/urun\/zenginlestirilmis-boyama-tasitlar\/#primaryimage"},"thumbnailUrl":"https:\/\/www.limonkids.com\/wp-content\/uploads\/2020\/11\/ZEBO_Tasitlar.png","datePublished":"2020-11-27T11:52:31+00:00","dateModified":"2024-01-08T13:05:55+00:00","description":"Okul \u00f6ncesinde kodlama e\u011fitimi alan \u00e7ocuklar\u0131n b\u00fcy\u00fcd\u00fcklerinde bilgisayar ve robotlar\u0131n dilini \u00f6\u011frenmi\u015f bireyler olmalar\u0131 kolayla\u015f\u0131r.","breadcrumb":{"@id":"https:\/\/www.limonkids.com\/en\/urun\/zenginlestirilmis-boyama-tasitlar\/#breadcrumb"},"inLanguage":"en-US","potentialAction":[{"@type":"ReadAction","target":["https:\/\/www.limonkids.com\/en\/urun\/zenginlestirilmis-boyama-tasitlar\/"]}]},{"@type":"ImageObject","inLanguage":"en-US","@id":"https:\/\/www.limonkids.com\/en\/urun\/zenginlestirilmis-boyama-tasitlar\/#primaryimage","url":"https:\/\/www.limonkids.com\/wp-content\/uploads\/2020\/11\/ZEBO_Tasitlar.png","contentUrl":"https:\/\/www.limonkids.com\/wp-content\/uploads\/2020\/11\/ZEBO_Tasitlar.png","width":1000,"height":1119},{"@type":"BreadcrumbList","@id":"https:\/\/www.limonkids.com\/en\/urun\/zenginlestirilmis-boyama-tasitlar\/#breadcrumb","itemListElement":[{"@type":"ListItem","position":1,"name":"Ana sayfa","item":"https:\/\/www.limonkids.com\/en\/"},{"@type":"ListItem","position":2,"name":"Shop","item":"https:\/\/www.limonkids.com\/en\/shop\/"},{"@type":"ListItem","position":3,"name":"My Coloring Book Series &#8211; Vehicles"}]},{"@type":"WebSite","@id":"https:\/\/www.limonkids.com\/en\/#website","url":"https:\/\/www.limonkids.com\/en\/","name":"Limon Kids","description":"","publisher":{"@id":"https:\/\/www.limonkids.com\/en\/#organization"},"potentialAction":[{"@type":"SearchAction","target":{"@type":"EntryPoint","urlTemplate":"https:\/\/www.limonkids.com\/en\/?s={search_term_string}"},"query-input":{"@type":"PropertyValueSpecification","valueRequired":true,"valueName":"search_term_string"}}],"inLanguage":"en-US"},{"@type":"Organization","@id":"https:\/\/www.limonkids.com\/en\/#organization","name":"Limon Kids","url":"https:\/\/www.limonkids.com\/en\/","logo":{"@type":"ImageObject","inLanguage":"en-US","@id":"https:\/\/www.limonkids.com\/en\/#\/schema\/logo\/image\/","url":"https:\/\/limonkids.com\/wp-content\/uploads\/2020\/11\/Limon-Kids-Logo-1-1-1-1.png","contentUrl":"https:\/\/limonkids.com\/wp-content\/uploads\/2020\/11\/Limon-Kids-Logo-1-1-1-1.png","width":150,"height":100,"caption":"Limon Kids"},"image":{"@id":"https:\/\/www.limonkids.com\/en\/#\/schema\/logo\/image\/"},"sameAs":["https:\/\/www.youtube.com\/channel\/UCpXnQvyyWSjrasV-3ODe41A"]}]}},"_links":{"self":[{"href":"https:\/\/www.limonkids.com\/en\/wp-json\/wp\/v2\/product\/5005","targetHints":{"allow":["GET"]}}],"collection":[{"href":"https:\/\/www.limonkids.com\/en\/wp-json\/wp\/v2\/product"}],"about":[{"href":"https:\/\/www.limonkids.com\/en\/wp-json\/wp\/v2\/types\/product"}],"wp:featuredmedia":[{"embeddable":true,"href":"https:\/\/www.limonkids.com\/en\/wp-json\/wp\/v2\/media\/4533"}],"wp:attachment":[{"href":"https:\/\/www.limonkids.com\/en\/wp-json\/wp\/v2\/media?parent=5005"}],"wp:term":[{"taxonomy":"product_brand","embeddable":true,"href":"https:\/\/www.limonkids.com\/en\/wp-json\/wp\/v2\/product_brand?post=5005"},{"taxonomy":"product_cat","embeddable":true,"href":"https:\/\/www.limonkids.com\/en\/wp-json\/wp\/v2\/product_cat?post=5005"},{"taxonomy":"product_tag","embeddable":true,"href":"https:\/\/www.limonkids.com\/en\/wp-json\/wp\/v2\/product_tag?post=5005"}],"curies":[{"name":"wp","href":"https:\/\/api.w.org\/{rel}","templated":true}]}}