{"id":4946,"date":"2021-11-05T12:46:11","date_gmt":"2021-11-05T09:46:11","guid":{"rendered":"https:\/\/limonkids.com\/urun\/okuma-yazmaya-hazirlik-6-7-yas\/"},"modified":"2021-11-05T12:46:11","modified_gmt":"2021-11-05T09:46:11","slug":"okuma-yazmaya-hazirlik-6-7-yas","status":"publish","type":"product","link":"https:\/\/www.limonkids.com\/en\/urun\/okuma-yazmaya-hazirlik-6-7-yas\/","title":{"rendered":"Okuma Yazmaya Haz\u0131rl\u0131k 6-7 Ya\u015f"},"content":{"rendered":"<table>\n<tbody>\n<tr>\n<td><strong>OKUMA YAZMAYA HAZIRLIK-\u0130LKOKULA HAZIRLIK SER\u0130S\u0130 6-7 YA\u015e<\/strong><\/p>\n<p>Iki kitaptan olu\u015fan bu seri ile \u00e7ocu\u011funuz, ilk \u00f6\u011fretim m\u00fcfredat\u0131ndaki 1.S\u0131n\u0131f matematik ve okuma yazma s\u00fcrecine e\u011flenceli giri\u015f yaparken okul d\u00f6nemindeki konulara haz\u0131r bulunu\u015flu\u011funu art\u0131racak.<\/p>\n<p>Kolaydan zora ,basitten karma\u015f\u0131\u011fa \u00f6\u011frenme stratejisi ile haz\u0131rlanan kitaplar \u00e7ocu\u011funuzun ilgisini \u00e7ekecek resimlemesi ve al\u0131\u015ft\u0131rmalar\u0131 ile onun okuma yazmay\u0131 ve matemati\u011fi sevmesini sa\u011flayacak.<\/td>\n<\/tr>\n<\/tbody>\n<\/table>\n<p><strong>\u00d6zellikler :<\/strong><br \/>\n<strong>Kapak:<\/strong> 200 gr Amerikan Bristol<br \/>\n<strong>\u0130\u00e7 Sayfalar:<\/strong> 90 gr 1. Hamur<br \/>\n<strong>Sayfa Say\u0131s\u0131:<\/strong> 64<br \/>\n<strong>Kitap Boyutlar\u0131:<\/strong> 21 x 29,7 cm<br \/>\n<strong>ISBN No:<\/strong> 978-625-7149-57-0<br \/>\n<strong>Barkod No:<\/strong> 9786257149570<\/p>\n","protected":false},"excerpt":{"rendered":"<p>Iki kitaptan olu\u015fan bu seri ile \u00e7ocu\u011funuz, ilk \u00f6\u011fretim m\u00fcfredat\u0131ndaki 1.S\u0131n\u0131f matematik ve okuma yazma s\u00fcrecine e\u011flenceli giri\u015f yaparken okul d\u00f6nemindeki konulara haz\u0131r bulunu\u015flu\u011funu art\u0131racak.<br \/>\nKolaydan zora ,basitten karma\u015f\u0131\u011fa \u00f6\u011frenme stratejisi ile haz\u0131rlanan kitaplar \u00e7ocu\u011funuzun ilgisini \u00e7ekecek resimlemesi ve al\u0131\u015ft\u0131rmalar\u0131 ile onun okuma yazmay\u0131 ve matemati\u011fi sevmesini sa\u011flayacak.<\/p>\n","protected":false},"featured_media":554,"template":"","meta":{"_acf_changed":false},"product_brand":[],"product_cat":[111],"product_tag":[118],"class_list":{"0":"post-4946","1":"product","2":"type-product","3":"status-publish","4":"has-post-thumbnail","6":"product_cat-activity-books","7":"product_tag-5-age","9":"first","10":"instock","11":"product-type-simple"},"acf":[],"yoast_head":"<!-- This site is optimized with the Yoast SEO plugin v27.4 - https:\/\/yoast.com\/product\/yoast-seo-wordpress\/ -->\n<title>Okuma Yazmaya Haz\u0131rl\u0131k 6-7 Ya\u015f - Limon Kids<\/title>\n<meta name=\"description\" content=\"Okul \u00f6ncesinde kodlama e\u011fitimi alan \u00e7ocuklar\u0131n b\u00fcy\u00fcd\u00fcklerinde bilgisayar ve robotlar\u0131n dilini \u00f6\u011frenmi\u015f bireyler olmalar\u0131 kolayla\u015f\u0131r.\" \/>\n<meta name=\"robots\" content=\"index, follow, max-snippet:-1, max-image-preview:large, max-video-preview:-1\" \/>\n<link rel=\"canonical\" href=\"https:\/\/www.limonkids.com\/en\/urun\/okuma-yazmaya-hazirlik-6-7-yas\/\" \/>\n<meta property=\"og:locale\" content=\"en_US\" \/>\n<meta property=\"og:type\" content=\"article\" \/>\n<meta property=\"og:title\" content=\"Okuma Yazmaya Haz\u0131rl\u0131k 6-7 Ya\u015f - Limon Kids\" \/>\n<meta property=\"og:description\" content=\"Okul \u00f6ncesinde kodlama e\u011fitimi alan \u00e7ocuklar\u0131n b\u00fcy\u00fcd\u00fcklerinde bilgisayar ve robotlar\u0131n dilini \u00f6\u011frenmi\u015f bireyler olmalar\u0131 kolayla\u015f\u0131r.\" \/>\n<meta property=\"og:url\" content=\"https:\/\/www.limonkids.com\/en\/urun\/okuma-yazmaya-hazirlik-6-7-yas\/\" \/>\n<meta property=\"og:site_name\" content=\"Limon Kids\" \/>\n<meta property=\"og:image\" content=\"https:\/\/www.limonkids.com\/wp-content\/uploads\/2021\/11\/Niha_OkumaYazmayaHazirlik_Kapak.jpg\" \/>\n\t<meta property=\"og:image:width\" content=\"1000\" \/>\n\t<meta property=\"og:image:height\" content=\"1250\" \/>\n\t<meta property=\"og:image:type\" content=\"image\/jpeg\" \/>\n<meta name=\"twitter:card\" content=\"summary_large_image\" \/>\n<meta name=\"twitter:label1\" content=\"Est. reading time\" \/>\n\t<meta name=\"twitter:data1\" content=\"1 minute\" \/>\n<script type=\"application\/ld+json\" class=\"yoast-schema-graph\">{\"@context\":\"https:\\\/\\\/schema.org\",\"@graph\":[{\"@type\":\"WebPage\",\"@id\":\"https:\\\/\\\/www.limonkids.com\\\/en\\\/urun\\\/okuma-yazmaya-hazirlik-6-7-yas\\\/\",\"url\":\"https:\\\/\\\/www.limonkids.com\\\/en\\\/urun\\\/okuma-yazmaya-hazirlik-6-7-yas\\\/\",\"name\":\"Okuma Yazmaya Haz\u0131rl\u0131k 6-7 Ya\u015f - Limon Kids\",\"isPartOf\":{\"@id\":\"https:\\\/\\\/www.limonkids.com\\\/en\\\/#website\"},\"primaryImageOfPage\":{\"@id\":\"https:\\\/\\\/www.limonkids.com\\\/en\\\/urun\\\/okuma-yazmaya-hazirlik-6-7-yas\\\/#primaryimage\"},\"image\":{\"@id\":\"https:\\\/\\\/www.limonkids.com\\\/en\\\/urun\\\/okuma-yazmaya-hazirlik-6-7-yas\\\/#primaryimage\"},\"thumbnailUrl\":\"https:\\\/\\\/www.limonkids.com\\\/wp-content\\\/uploads\\\/2021\\\/11\\\/Niha_OkumaYazmayaHazirlik_Kapak.jpg\",\"datePublished\":\"2021-11-05T09:46:11+00:00\",\"description\":\"Okul \u00f6ncesinde kodlama e\u011fitimi alan \u00e7ocuklar\u0131n b\u00fcy\u00fcd\u00fcklerinde bilgisayar ve robotlar\u0131n dilini \u00f6\u011frenmi\u015f bireyler olmalar\u0131 kolayla\u015f\u0131r.\",\"breadcrumb\":{\"@id\":\"https:\\\/\\\/www.limonkids.com\\\/en\\\/urun\\\/okuma-yazmaya-hazirlik-6-7-yas\\\/#breadcrumb\"},\"inLanguage\":\"en-US\",\"potentialAction\":[{\"@type\":\"ReadAction\",\"target\":[\"https:\\\/\\\/www.limonkids.com\\\/en\\\/urun\\\/okuma-yazmaya-hazirlik-6-7-yas\\\/\"]}]},{\"@type\":\"ImageObject\",\"inLanguage\":\"en-US\",\"@id\":\"https:\\\/\\\/www.limonkids.com\\\/en\\\/urun\\\/okuma-yazmaya-hazirlik-6-7-yas\\\/#primaryimage\",\"url\":\"https:\\\/\\\/www.limonkids.com\\\/wp-content\\\/uploads\\\/2021\\\/11\\\/Niha_OkumaYazmayaHazirlik_Kapak.jpg\",\"contentUrl\":\"https:\\\/\\\/www.limonkids.com\\\/wp-content\\\/uploads\\\/2021\\\/11\\\/Niha_OkumaYazmayaHazirlik_Kapak.jpg\",\"width\":1000,\"height\":1250},{\"@type\":\"BreadcrumbList\",\"@id\":\"https:\\\/\\\/www.limonkids.com\\\/en\\\/urun\\\/okuma-yazmaya-hazirlik-6-7-yas\\\/#breadcrumb\",\"itemListElement\":[{\"@type\":\"ListItem\",\"position\":1,\"name\":\"Ana sayfa\",\"item\":\"https:\\\/\\\/www.limonkids.com\\\/en\\\/\"},{\"@type\":\"ListItem\",\"position\":2,\"name\":\"Shop\",\"item\":\"https:\\\/\\\/www.limonkids.com\\\/en\\\/shop\\\/\"},{\"@type\":\"ListItem\",\"position\":3,\"name\":\"Okuma Yazmaya Haz\u0131rl\u0131k 6-7 Ya\u015f\"}]},{\"@type\":\"WebSite\",\"@id\":\"https:\\\/\\\/www.limonkids.com\\\/en\\\/#website\",\"url\":\"https:\\\/\\\/www.limonkids.com\\\/en\\\/\",\"name\":\"Limon Kids\",\"description\":\"\",\"publisher\":{\"@id\":\"https:\\\/\\\/www.limonkids.com\\\/en\\\/#organization\"},\"potentialAction\":[{\"@type\":\"SearchAction\",\"target\":{\"@type\":\"EntryPoint\",\"urlTemplate\":\"https:\\\/\\\/www.limonkids.com\\\/en\\\/?s={search_term_string}\"},\"query-input\":{\"@type\":\"PropertyValueSpecification\",\"valueRequired\":true,\"valueName\":\"search_term_string\"}}],\"inLanguage\":\"en-US\"},{\"@type\":\"Organization\",\"@id\":\"https:\\\/\\\/www.limonkids.com\\\/en\\\/#organization\",\"name\":\"Limon Kids\",\"url\":\"https:\\\/\\\/www.limonkids.com\\\/en\\\/\",\"logo\":{\"@type\":\"ImageObject\",\"inLanguage\":\"en-US\",\"@id\":\"https:\\\/\\\/www.limonkids.com\\\/en\\\/#\\\/schema\\\/logo\\\/image\\\/\",\"url\":\"https:\\\/\\\/limonkids.com\\\/wp-content\\\/uploads\\\/2020\\\/11\\\/Limon-Kids-Logo-1-1-1-1.png\",\"contentUrl\":\"https:\\\/\\\/limonkids.com\\\/wp-content\\\/uploads\\\/2020\\\/11\\\/Limon-Kids-Logo-1-1-1-1.png\",\"width\":150,\"height\":100,\"caption\":\"Limon Kids\"},\"image\":{\"@id\":\"https:\\\/\\\/www.limonkids.com\\\/en\\\/#\\\/schema\\\/logo\\\/image\\\/\"},\"sameAs\":[\"https:\\\/\\\/www.youtube.com\\\/channel\\\/UCpXnQvyyWSjrasV-3ODe41A\"]}]}<\/script>\n<!-- \/ Yoast SEO plugin. -->","yoast_head_json":{"title":"Okuma Yazmaya Haz\u0131rl\u0131k 6-7 Ya\u015f - Limon Kids","description":"Okul \u00f6ncesinde kodlama e\u011fitimi alan \u00e7ocuklar\u0131n b\u00fcy\u00fcd\u00fcklerinde bilgisayar ve robotlar\u0131n dilini \u00f6\u011frenmi\u015f bireyler olmalar\u0131 kolayla\u015f\u0131r.","robots":{"index":"index","follow":"follow","max-snippet":"max-snippet:-1","max-image-preview":"max-image-preview:large","max-video-preview":"max-video-preview:-1"},"canonical":"https:\/\/www.limonkids.com\/en\/urun\/okuma-yazmaya-hazirlik-6-7-yas\/","og_locale":"en_US","og_type":"article","og_title":"Okuma Yazmaya Haz\u0131rl\u0131k 6-7 Ya\u015f - Limon Kids","og_description":"Okul \u00f6ncesinde kodlama e\u011fitimi alan \u00e7ocuklar\u0131n b\u00fcy\u00fcd\u00fcklerinde bilgisayar ve robotlar\u0131n dilini \u00f6\u011frenmi\u015f bireyler olmalar\u0131 kolayla\u015f\u0131r.","og_url":"https:\/\/www.limonkids.com\/en\/urun\/okuma-yazmaya-hazirlik-6-7-yas\/","og_site_name":"Limon Kids","og_image":[{"width":1000,"height":1250,"url":"https:\/\/www.limonkids.com\/wp-content\/uploads\/2021\/11\/Niha_OkumaYazmayaHazirlik_Kapak.jpg","type":"image\/jpeg"}],"twitter_card":"summary_large_image","twitter_misc":{"Est. reading time":"1 minute"},"schema":{"@context":"https:\/\/schema.org","@graph":[{"@type":"WebPage","@id":"https:\/\/www.limonkids.com\/en\/urun\/okuma-yazmaya-hazirlik-6-7-yas\/","url":"https:\/\/www.limonkids.com\/en\/urun\/okuma-yazmaya-hazirlik-6-7-yas\/","name":"Okuma Yazmaya Haz\u0131rl\u0131k 6-7 Ya\u015f - Limon Kids","isPartOf":{"@id":"https:\/\/www.limonkids.com\/en\/#website"},"primaryImageOfPage":{"@id":"https:\/\/www.limonkids.com\/en\/urun\/okuma-yazmaya-hazirlik-6-7-yas\/#primaryimage"},"image":{"@id":"https:\/\/www.limonkids.com\/en\/urun\/okuma-yazmaya-hazirlik-6-7-yas\/#primaryimage"},"thumbnailUrl":"https:\/\/www.limonkids.com\/wp-content\/uploads\/2021\/11\/Niha_OkumaYazmayaHazirlik_Kapak.jpg","datePublished":"2021-11-05T09:46:11+00:00","description":"Okul \u00f6ncesinde kodlama e\u011fitimi alan \u00e7ocuklar\u0131n b\u00fcy\u00fcd\u00fcklerinde bilgisayar ve robotlar\u0131n dilini \u00f6\u011frenmi\u015f bireyler olmalar\u0131 kolayla\u015f\u0131r.","breadcrumb":{"@id":"https:\/\/www.limonkids.com\/en\/urun\/okuma-yazmaya-hazirlik-6-7-yas\/#breadcrumb"},"inLanguage":"en-US","potentialAction":[{"@type":"ReadAction","target":["https:\/\/www.limonkids.com\/en\/urun\/okuma-yazmaya-hazirlik-6-7-yas\/"]}]},{"@type":"ImageObject","inLanguage":"en-US","@id":"https:\/\/www.limonkids.com\/en\/urun\/okuma-yazmaya-hazirlik-6-7-yas\/#primaryimage","url":"https:\/\/www.limonkids.com\/wp-content\/uploads\/2021\/11\/Niha_OkumaYazmayaHazirlik_Kapak.jpg","contentUrl":"https:\/\/www.limonkids.com\/wp-content\/uploads\/2021\/11\/Niha_OkumaYazmayaHazirlik_Kapak.jpg","width":1000,"height":1250},{"@type":"BreadcrumbList","@id":"https:\/\/www.limonkids.com\/en\/urun\/okuma-yazmaya-hazirlik-6-7-yas\/#breadcrumb","itemListElement":[{"@type":"ListItem","position":1,"name":"Ana sayfa","item":"https:\/\/www.limonkids.com\/en\/"},{"@type":"ListItem","position":2,"name":"Shop","item":"https:\/\/www.limonkids.com\/en\/shop\/"},{"@type":"ListItem","position":3,"name":"Okuma Yazmaya Haz\u0131rl\u0131k 6-7 Ya\u015f"}]},{"@type":"WebSite","@id":"https:\/\/www.limonkids.com\/en\/#website","url":"https:\/\/www.limonkids.com\/en\/","name":"Limon Kids","description":"","publisher":{"@id":"https:\/\/www.limonkids.com\/en\/#organization"},"potentialAction":[{"@type":"SearchAction","target":{"@type":"EntryPoint","urlTemplate":"https:\/\/www.limonkids.com\/en\/?s={search_term_string}"},"query-input":{"@type":"PropertyValueSpecification","valueRequired":true,"valueName":"search_term_string"}}],"inLanguage":"en-US"},{"@type":"Organization","@id":"https:\/\/www.limonkids.com\/en\/#organization","name":"Limon Kids","url":"https:\/\/www.limonkids.com\/en\/","logo":{"@type":"ImageObject","inLanguage":"en-US","@id":"https:\/\/www.limonkids.com\/en\/#\/schema\/logo\/image\/","url":"https:\/\/limonkids.com\/wp-content\/uploads\/2020\/11\/Limon-Kids-Logo-1-1-1-1.png","contentUrl":"https:\/\/limonkids.com\/wp-content\/uploads\/2020\/11\/Limon-Kids-Logo-1-1-1-1.png","width":150,"height":100,"caption":"Limon Kids"},"image":{"@id":"https:\/\/www.limonkids.com\/en\/#\/schema\/logo\/image\/"},"sameAs":["https:\/\/www.youtube.com\/channel\/UCpXnQvyyWSjrasV-3ODe41A"]}]}},"_links":{"self":[{"href":"https:\/\/www.limonkids.com\/en\/wp-json\/wp\/v2\/product\/4946","targetHints":{"allow":["GET"]}}],"collection":[{"href":"https:\/\/www.limonkids.com\/en\/wp-json\/wp\/v2\/product"}],"about":[{"href":"https:\/\/www.limonkids.com\/en\/wp-json\/wp\/v2\/types\/product"}],"wp:featuredmedia":[{"embeddable":true,"href":"https:\/\/www.limonkids.com\/en\/wp-json\/wp\/v2\/media\/554"}],"wp:attachment":[{"href":"https:\/\/www.limonkids.com\/en\/wp-json\/wp\/v2\/media?parent=4946"}],"wp:term":[{"taxonomy":"product_brand","embeddable":true,"href":"https:\/\/www.limonkids.com\/en\/wp-json\/wp\/v2\/product_brand?post=4946"},{"taxonomy":"product_cat","embeddable":true,"href":"https:\/\/www.limonkids.com\/en\/wp-json\/wp\/v2\/product_cat?post=4946"},{"taxonomy":"product_tag","embeddable":true,"href":"https:\/\/www.limonkids.com\/en\/wp-json\/wp\/v2\/product_tag?post=4946"}],"curies":[{"name":"wp","href":"https:\/\/api.w.org\/{rel}","templated":true}]}}