{"id":4927,"date":"2023-02-17T11:10:10","date_gmt":"2023-02-17T08:10:10","guid":{"rendered":"https:\/\/limonkids.com\/urun\/pas-serisi-7-yas-eglenceli-soru-atolyesi\/"},"modified":"2024-01-09T00:30:28","modified_gmt":"2024-01-08T21:30:28","slug":"pas-serisi-7-yas-eglenceli-soru-atolyesi","status":"publish","type":"product","link":"https:\/\/www.limonkids.com\/en\/urun\/pas-serisi-7-yas-eglenceli-soru-atolyesi\/","title":{"rendered":"Fun with Puzzles 7+ Age"},"content":{"rendered":"<p>For age 7+, 56 Pages<br \/>\n8.26\u201d x 11.69\u201d dimensions<br \/>\nLogic puzzles, codes, math, reading &#8211; writing skills and more<br \/>\n150 fun questions<\/p>\n","protected":false},"excerpt":{"rendered":"<p>This book contains 150 fun and instructive questions. The book increases<br \/>\nchildren\u2019s social, emotional, language and mental development. Fun activities in this book improve perception, comprehension, focus, concentration, remembering, understanding, interpretation, reasoning, imagination,<br \/>\nvisual memory and analytical thinking skills.<\/p>\n","protected":false},"featured_media":4644,"template":"","meta":{"_acf_changed":false},"product_brand":[],"product_cat":[115],"product_tag":[119],"class_list":{"0":"post-4927","1":"product","2":"type-product","3":"status-publish","4":"has-post-thumbnail","6":"product_cat-primary-school-books","7":"product_tag-7-age","9":"first","10":"instock","11":"shipping-taxable","12":"product-type-simple"},"acf":[],"yoast_head":"<!-- This site is optimized with the Yoast SEO plugin v27.4 - https:\/\/yoast.com\/product\/yoast-seo-wordpress\/ -->\n<title>Fun with Puzzles 7+ Age - Limon Kids<\/title>\n<meta name=\"description\" content=\"E\u011flenceli Soru At\u00f6lyesi kitab\u0131nda sosyal, duygusal, dil ve zihinsel geli\u015fimini art\u0131ran; alg\u0131lama, g\u00f6rsel haf\u0131za ve analitik d\u00fc\u015f\u00fcnme becerilerini geli\u015ftirir.\" \/>\n<meta name=\"robots\" content=\"index, follow, max-snippet:-1, max-image-preview:large, max-video-preview:-1\" \/>\n<link rel=\"canonical\" href=\"https:\/\/www.limonkids.com\/en\/urun\/pas-serisi-7-yas-eglenceli-soru-atolyesi\/\" \/>\n<meta property=\"og:locale\" content=\"en_US\" \/>\n<meta property=\"og:type\" content=\"article\" \/>\n<meta property=\"og:title\" content=\"Fun with Puzzles 7+ Age - Limon Kids\" \/>\n<meta property=\"og:description\" content=\"E\u011flenceli Soru At\u00f6lyesi kitab\u0131nda sosyal, duygusal, dil ve zihinsel geli\u015fimini art\u0131ran; alg\u0131lama, g\u00f6rsel haf\u0131za ve analitik d\u00fc\u015f\u00fcnme becerilerini geli\u015ftirir.\" \/>\n<meta property=\"og:url\" content=\"https:\/\/www.limonkids.com\/en\/urun\/pas-serisi-7-yas-eglenceli-soru-atolyesi\/\" \/>\n<meta property=\"og:site_name\" content=\"Limon Kids\" \/>\n<meta property=\"article:modified_time\" content=\"2024-01-08T21:30:28+00:00\" \/>\n<meta property=\"og:image\" content=\"https:\/\/www.limonkids.com\/wp-content\/uploads\/2023\/02\/PAS_EglenceliSoruAtolyesi_7Yas_KAPAK_3D-867x1024.png\" \/>\n\t<meta property=\"og:image:width\" content=\"867\" \/>\n\t<meta property=\"og:image:height\" content=\"1024\" \/>\n\t<meta property=\"og:image:type\" content=\"image\/png\" \/>\n<meta name=\"twitter:card\" content=\"summary_large_image\" \/>\n<meta name=\"twitter:label1\" content=\"Est. reading time\" \/>\n\t<meta name=\"twitter:data1\" content=\"1 minute\" \/>\n<script type=\"application\/ld+json\" class=\"yoast-schema-graph\">{\"@context\":\"https:\\\/\\\/schema.org\",\"@graph\":[{\"@type\":\"WebPage\",\"@id\":\"https:\\\/\\\/www.limonkids.com\\\/en\\\/urun\\\/pas-serisi-7-yas-eglenceli-soru-atolyesi\\\/\",\"url\":\"https:\\\/\\\/www.limonkids.com\\\/en\\\/urun\\\/pas-serisi-7-yas-eglenceli-soru-atolyesi\\\/\",\"name\":\"Fun with Puzzles 7+ Age - Limon Kids\",\"isPartOf\":{\"@id\":\"https:\\\/\\\/www.limonkids.com\\\/en\\\/#website\"},\"primaryImageOfPage\":{\"@id\":\"https:\\\/\\\/www.limonkids.com\\\/en\\\/urun\\\/pas-serisi-7-yas-eglenceli-soru-atolyesi\\\/#primaryimage\"},\"image\":{\"@id\":\"https:\\\/\\\/www.limonkids.com\\\/en\\\/urun\\\/pas-serisi-7-yas-eglenceli-soru-atolyesi\\\/#primaryimage\"},\"thumbnailUrl\":\"https:\\\/\\\/www.limonkids.com\\\/wp-content\\\/uploads\\\/2023\\\/02\\\/PAS_EglenceliSoruAtolyesi_7Yas_KAPAK_3D.png\",\"datePublished\":\"2023-02-17T08:10:10+00:00\",\"dateModified\":\"2024-01-08T21:30:28+00:00\",\"description\":\"E\u011flenceli Soru At\u00f6lyesi kitab\u0131nda sosyal, duygusal, dil ve zihinsel geli\u015fimini art\u0131ran; alg\u0131lama, g\u00f6rsel haf\u0131za ve analitik d\u00fc\u015f\u00fcnme becerilerini geli\u015ftirir.\",\"breadcrumb\":{\"@id\":\"https:\\\/\\\/www.limonkids.com\\\/en\\\/urun\\\/pas-serisi-7-yas-eglenceli-soru-atolyesi\\\/#breadcrumb\"},\"inLanguage\":\"en-US\",\"potentialAction\":[{\"@type\":\"ReadAction\",\"target\":[\"https:\\\/\\\/www.limonkids.com\\\/en\\\/urun\\\/pas-serisi-7-yas-eglenceli-soru-atolyesi\\\/\"]}]},{\"@type\":\"ImageObject\",\"inLanguage\":\"en-US\",\"@id\":\"https:\\\/\\\/www.limonkids.com\\\/en\\\/urun\\\/pas-serisi-7-yas-eglenceli-soru-atolyesi\\\/#primaryimage\",\"url\":\"https:\\\/\\\/www.limonkids.com\\\/wp-content\\\/uploads\\\/2023\\\/02\\\/PAS_EglenceliSoruAtolyesi_7Yas_KAPAK_3D.png\",\"contentUrl\":\"https:\\\/\\\/www.limonkids.com\\\/wp-content\\\/uploads\\\/2023\\\/02\\\/PAS_EglenceliSoruAtolyesi_7Yas_KAPAK_3D.png\",\"width\":2786,\"height\":3292},{\"@type\":\"BreadcrumbList\",\"@id\":\"https:\\\/\\\/www.limonkids.com\\\/en\\\/urun\\\/pas-serisi-7-yas-eglenceli-soru-atolyesi\\\/#breadcrumb\",\"itemListElement\":[{\"@type\":\"ListItem\",\"position\":1,\"name\":\"Ana sayfa\",\"item\":\"https:\\\/\\\/www.limonkids.com\\\/en\\\/\"},{\"@type\":\"ListItem\",\"position\":2,\"name\":\"Shop\",\"item\":\"https:\\\/\\\/www.limonkids.com\\\/en\\\/shop\\\/\"},{\"@type\":\"ListItem\",\"position\":3,\"name\":\"Fun with Puzzles 7+ Age\"}]},{\"@type\":\"WebSite\",\"@id\":\"https:\\\/\\\/www.limonkids.com\\\/en\\\/#website\",\"url\":\"https:\\\/\\\/www.limonkids.com\\\/en\\\/\",\"name\":\"Limon Kids\",\"description\":\"\",\"publisher\":{\"@id\":\"https:\\\/\\\/www.limonkids.com\\\/en\\\/#organization\"},\"potentialAction\":[{\"@type\":\"SearchAction\",\"target\":{\"@type\":\"EntryPoint\",\"urlTemplate\":\"https:\\\/\\\/www.limonkids.com\\\/en\\\/?s={search_term_string}\"},\"query-input\":{\"@type\":\"PropertyValueSpecification\",\"valueRequired\":true,\"valueName\":\"search_term_string\"}}],\"inLanguage\":\"en-US\"},{\"@type\":\"Organization\",\"@id\":\"https:\\\/\\\/www.limonkids.com\\\/en\\\/#organization\",\"name\":\"Limon Kids\",\"url\":\"https:\\\/\\\/www.limonkids.com\\\/en\\\/\",\"logo\":{\"@type\":\"ImageObject\",\"inLanguage\":\"en-US\",\"@id\":\"https:\\\/\\\/www.limonkids.com\\\/en\\\/#\\\/schema\\\/logo\\\/image\\\/\",\"url\":\"https:\\\/\\\/limonkids.com\\\/wp-content\\\/uploads\\\/2020\\\/11\\\/Limon-Kids-Logo-1-1-1-1.png\",\"contentUrl\":\"https:\\\/\\\/limonkids.com\\\/wp-content\\\/uploads\\\/2020\\\/11\\\/Limon-Kids-Logo-1-1-1-1.png\",\"width\":150,\"height\":100,\"caption\":\"Limon Kids\"},\"image\":{\"@id\":\"https:\\\/\\\/www.limonkids.com\\\/en\\\/#\\\/schema\\\/logo\\\/image\\\/\"},\"sameAs\":[\"https:\\\/\\\/www.youtube.com\\\/channel\\\/UCpXnQvyyWSjrasV-3ODe41A\"]}]}<\/script>\n<!-- \/ Yoast SEO plugin. -->","yoast_head_json":{"title":"Fun with Puzzles 7+ Age - Limon Kids","description":"E\u011flenceli Soru At\u00f6lyesi kitab\u0131nda sosyal, duygusal, dil ve zihinsel geli\u015fimini art\u0131ran; alg\u0131lama, g\u00f6rsel haf\u0131za ve analitik d\u00fc\u015f\u00fcnme becerilerini geli\u015ftirir.","robots":{"index":"index","follow":"follow","max-snippet":"max-snippet:-1","max-image-preview":"max-image-preview:large","max-video-preview":"max-video-preview:-1"},"canonical":"https:\/\/www.limonkids.com\/en\/urun\/pas-serisi-7-yas-eglenceli-soru-atolyesi\/","og_locale":"en_US","og_type":"article","og_title":"Fun with Puzzles 7+ Age - Limon Kids","og_description":"E\u011flenceli Soru At\u00f6lyesi kitab\u0131nda sosyal, duygusal, dil ve zihinsel geli\u015fimini art\u0131ran; alg\u0131lama, g\u00f6rsel haf\u0131za ve analitik d\u00fc\u015f\u00fcnme becerilerini geli\u015ftirir.","og_url":"https:\/\/www.limonkids.com\/en\/urun\/pas-serisi-7-yas-eglenceli-soru-atolyesi\/","og_site_name":"Limon Kids","article_modified_time":"2024-01-08T21:30:28+00:00","og_image":[{"width":867,"height":1024,"url":"https:\/\/www.limonkids.com\/wp-content\/uploads\/2023\/02\/PAS_EglenceliSoruAtolyesi_7Yas_KAPAK_3D-867x1024.png","type":"image\/png"}],"twitter_card":"summary_large_image","twitter_misc":{"Est. reading time":"1 minute"},"schema":{"@context":"https:\/\/schema.org","@graph":[{"@type":"WebPage","@id":"https:\/\/www.limonkids.com\/en\/urun\/pas-serisi-7-yas-eglenceli-soru-atolyesi\/","url":"https:\/\/www.limonkids.com\/en\/urun\/pas-serisi-7-yas-eglenceli-soru-atolyesi\/","name":"Fun with Puzzles 7+ Age - Limon Kids","isPartOf":{"@id":"https:\/\/www.limonkids.com\/en\/#website"},"primaryImageOfPage":{"@id":"https:\/\/www.limonkids.com\/en\/urun\/pas-serisi-7-yas-eglenceli-soru-atolyesi\/#primaryimage"},"image":{"@id":"https:\/\/www.limonkids.com\/en\/urun\/pas-serisi-7-yas-eglenceli-soru-atolyesi\/#primaryimage"},"thumbnailUrl":"https:\/\/www.limonkids.com\/wp-content\/uploads\/2023\/02\/PAS_EglenceliSoruAtolyesi_7Yas_KAPAK_3D.png","datePublished":"2023-02-17T08:10:10+00:00","dateModified":"2024-01-08T21:30:28+00:00","description":"E\u011flenceli Soru At\u00f6lyesi kitab\u0131nda sosyal, duygusal, dil ve zihinsel geli\u015fimini art\u0131ran; alg\u0131lama, g\u00f6rsel haf\u0131za ve analitik d\u00fc\u015f\u00fcnme becerilerini geli\u015ftirir.","breadcrumb":{"@id":"https:\/\/www.limonkids.com\/en\/urun\/pas-serisi-7-yas-eglenceli-soru-atolyesi\/#breadcrumb"},"inLanguage":"en-US","potentialAction":[{"@type":"ReadAction","target":["https:\/\/www.limonkids.com\/en\/urun\/pas-serisi-7-yas-eglenceli-soru-atolyesi\/"]}]},{"@type":"ImageObject","inLanguage":"en-US","@id":"https:\/\/www.limonkids.com\/en\/urun\/pas-serisi-7-yas-eglenceli-soru-atolyesi\/#primaryimage","url":"https:\/\/www.limonkids.com\/wp-content\/uploads\/2023\/02\/PAS_EglenceliSoruAtolyesi_7Yas_KAPAK_3D.png","contentUrl":"https:\/\/www.limonkids.com\/wp-content\/uploads\/2023\/02\/PAS_EglenceliSoruAtolyesi_7Yas_KAPAK_3D.png","width":2786,"height":3292},{"@type":"BreadcrumbList","@id":"https:\/\/www.limonkids.com\/en\/urun\/pas-serisi-7-yas-eglenceli-soru-atolyesi\/#breadcrumb","itemListElement":[{"@type":"ListItem","position":1,"name":"Ana sayfa","item":"https:\/\/www.limonkids.com\/en\/"},{"@type":"ListItem","position":2,"name":"Shop","item":"https:\/\/www.limonkids.com\/en\/shop\/"},{"@type":"ListItem","position":3,"name":"Fun with Puzzles 7+ Age"}]},{"@type":"WebSite","@id":"https:\/\/www.limonkids.com\/en\/#website","url":"https:\/\/www.limonkids.com\/en\/","name":"Limon Kids","description":"","publisher":{"@id":"https:\/\/www.limonkids.com\/en\/#organization"},"potentialAction":[{"@type":"SearchAction","target":{"@type":"EntryPoint","urlTemplate":"https:\/\/www.limonkids.com\/en\/?s={search_term_string}"},"query-input":{"@type":"PropertyValueSpecification","valueRequired":true,"valueName":"search_term_string"}}],"inLanguage":"en-US"},{"@type":"Organization","@id":"https:\/\/www.limonkids.com\/en\/#organization","name":"Limon Kids","url":"https:\/\/www.limonkids.com\/en\/","logo":{"@type":"ImageObject","inLanguage":"en-US","@id":"https:\/\/www.limonkids.com\/en\/#\/schema\/logo\/image\/","url":"https:\/\/limonkids.com\/wp-content\/uploads\/2020\/11\/Limon-Kids-Logo-1-1-1-1.png","contentUrl":"https:\/\/limonkids.com\/wp-content\/uploads\/2020\/11\/Limon-Kids-Logo-1-1-1-1.png","width":150,"height":100,"caption":"Limon Kids"},"image":{"@id":"https:\/\/www.limonkids.com\/en\/#\/schema\/logo\/image\/"},"sameAs":["https:\/\/www.youtube.com\/channel\/UCpXnQvyyWSjrasV-3ODe41A"]}]}},"_links":{"self":[{"href":"https:\/\/www.limonkids.com\/en\/wp-json\/wp\/v2\/product\/4927","targetHints":{"allow":["GET"]}}],"collection":[{"href":"https:\/\/www.limonkids.com\/en\/wp-json\/wp\/v2\/product"}],"about":[{"href":"https:\/\/www.limonkids.com\/en\/wp-json\/wp\/v2\/types\/product"}],"wp:featuredmedia":[{"embeddable":true,"href":"https:\/\/www.limonkids.com\/en\/wp-json\/wp\/v2\/media\/4644"}],"wp:attachment":[{"href":"https:\/\/www.limonkids.com\/en\/wp-json\/wp\/v2\/media?parent=4927"}],"wp:term":[{"taxonomy":"product_brand","embeddable":true,"href":"https:\/\/www.limonkids.com\/en\/wp-json\/wp\/v2\/product_brand?post=4927"},{"taxonomy":"product_cat","embeddable":true,"href":"https:\/\/www.limonkids.com\/en\/wp-json\/wp\/v2\/product_cat?post=4927"},{"taxonomy":"product_tag","embeddable":true,"href":"https:\/\/www.limonkids.com\/en\/wp-json\/wp\/v2\/product_tag?post=4927"}],"curies":[{"name":"wp","href":"https:\/\/api.w.org\/{rel}","templated":true}]}}