{"id":4925,"date":"2023-11-09T12:59:31","date_gmt":"2023-11-09T09:59:31","guid":{"rendered":"https:\/\/limonkids.com\/urun\/bul-eglen-3-4-yas\/"},"modified":"2024-01-09T00:33:28","modified_gmt":"2024-01-08T21:33:28","slug":"bul-eglen-3-4-yas","status":"publish","type":"product","link":"https:\/\/www.limonkids.com\/en\/urun\/bul-eglen-3-4-yas\/","title":{"rendered":"Have Fun and Learn  3-4 Age"},"content":{"rendered":"<p>For age 3+, 32 Pages<br \/>\n7.67\u201d x 10.82\u201d dimensions<br \/>\nImproving learning potential with fun activities<br \/>\nRich content<\/p>\n","protected":false},"excerpt":{"rendered":"<p>Kids will learn while having fun with the exercises in this book.<br \/>\nThey will practice a variety of skills with joyful illustrations.<\/p>\n","protected":false},"featured_media":4729,"template":"","meta":{"_acf_changed":false},"product_brand":[],"product_cat":[111],"product_tag":[117,121],"class_list":{"0":"post-4925","1":"product","2":"type-product","3":"status-publish","4":"has-post-thumbnail","6":"product_cat-activity-books","7":"product_tag-3-age","8":"product_tag-limon-kids-en","10":"first","11":"instock","12":"shipping-taxable","13":"product-type-simple"},"acf":[],"yoast_head":"<!-- This site is optimized with the Yoast SEO plugin v27.4 - https:\/\/yoast.com\/product\/yoast-seo-wordpress\/ -->\n<title>Have Fun and Learn 3-4 Age - Limon Kids<\/title>\n<meta name=\"description\" content=\"\u00c7ocuklar birbirinden e\u011flenceli g\u00f6rseller e\u015fli\u011finde e\u011flenceli okul \u00f6ncesi aktiviteleri yapacak, farkl\u0131 geli\u015fim alanlar\u0131n\u0131 destekleyecek.\" \/>\n<meta name=\"robots\" content=\"index, follow, max-snippet:-1, max-image-preview:large, max-video-preview:-1\" \/>\n<link rel=\"canonical\" href=\"https:\/\/www.limonkids.com\/en\/urun\/bul-eglen-3-4-yas\/\" \/>\n<meta property=\"og:locale\" content=\"en_US\" \/>\n<meta property=\"og:type\" content=\"article\" \/>\n<meta property=\"og:title\" content=\"Have Fun and Learn 3-4 Age - Limon Kids\" \/>\n<meta property=\"og:description\" content=\"\u00c7ocuklar birbirinden e\u011flenceli g\u00f6rseller e\u015fli\u011finde e\u011flenceli okul \u00f6ncesi aktiviteleri yapacak, farkl\u0131 geli\u015fim alanlar\u0131n\u0131 destekleyecek.\" \/>\n<meta property=\"og:url\" content=\"https:\/\/www.limonkids.com\/en\/urun\/bul-eglen-3-4-yas\/\" \/>\n<meta property=\"og:site_name\" content=\"Limon Kids\" \/>\n<meta property=\"article:modified_time\" content=\"2024-01-08T21:33:28+00:00\" \/>\n<meta property=\"og:image\" content=\"https:\/\/www.limonkids.com\/wp-content\/uploads\/2023\/11\/Niha_BulEglen_3-4Yas_Boyutlu.png\" \/>\n\t<meta property=\"og:image:width\" content=\"2567\" \/>\n\t<meta property=\"og:image:height\" content=\"3334\" \/>\n\t<meta property=\"og:image:type\" content=\"image\/png\" \/>\n<meta name=\"twitter:card\" content=\"summary_large_image\" \/>\n<meta name=\"twitter:label1\" content=\"Est. reading time\" \/>\n\t<meta name=\"twitter:data1\" content=\"1 minute\" \/>\n<script type=\"application\/ld+json\" class=\"yoast-schema-graph\">{\"@context\":\"https:\\\/\\\/schema.org\",\"@graph\":[{\"@type\":\"WebPage\",\"@id\":\"https:\\\/\\\/www.limonkids.com\\\/en\\\/urun\\\/bul-eglen-3-4-yas\\\/\",\"url\":\"https:\\\/\\\/www.limonkids.com\\\/en\\\/urun\\\/bul-eglen-3-4-yas\\\/\",\"name\":\"Have Fun and Learn 3-4 Age - Limon Kids\",\"isPartOf\":{\"@id\":\"https:\\\/\\\/www.limonkids.com\\\/en\\\/#website\"},\"primaryImageOfPage\":{\"@id\":\"https:\\\/\\\/www.limonkids.com\\\/en\\\/urun\\\/bul-eglen-3-4-yas\\\/#primaryimage\"},\"image\":{\"@id\":\"https:\\\/\\\/www.limonkids.com\\\/en\\\/urun\\\/bul-eglen-3-4-yas\\\/#primaryimage\"},\"thumbnailUrl\":\"https:\\\/\\\/www.limonkids.com\\\/wp-content\\\/uploads\\\/2023\\\/11\\\/Niha_BulEglen_3-4Yas_Boyutlu.png\",\"datePublished\":\"2023-11-09T09:59:31+00:00\",\"dateModified\":\"2024-01-08T21:33:28+00:00\",\"description\":\"\u00c7ocuklar birbirinden e\u011flenceli g\u00f6rseller e\u015fli\u011finde e\u011flenceli okul \u00f6ncesi aktiviteleri yapacak, farkl\u0131 geli\u015fim alanlar\u0131n\u0131 destekleyecek.\",\"breadcrumb\":{\"@id\":\"https:\\\/\\\/www.limonkids.com\\\/en\\\/urun\\\/bul-eglen-3-4-yas\\\/#breadcrumb\"},\"inLanguage\":\"en-US\",\"potentialAction\":[{\"@type\":\"ReadAction\",\"target\":[\"https:\\\/\\\/www.limonkids.com\\\/en\\\/urun\\\/bul-eglen-3-4-yas\\\/\"]}]},{\"@type\":\"ImageObject\",\"inLanguage\":\"en-US\",\"@id\":\"https:\\\/\\\/www.limonkids.com\\\/en\\\/urun\\\/bul-eglen-3-4-yas\\\/#primaryimage\",\"url\":\"https:\\\/\\\/www.limonkids.com\\\/wp-content\\\/uploads\\\/2023\\\/11\\\/Niha_BulEglen_3-4Yas_Boyutlu.png\",\"contentUrl\":\"https:\\\/\\\/www.limonkids.com\\\/wp-content\\\/uploads\\\/2023\\\/11\\\/Niha_BulEglen_3-4Yas_Boyutlu.png\",\"width\":2567,\"height\":3334},{\"@type\":\"BreadcrumbList\",\"@id\":\"https:\\\/\\\/www.limonkids.com\\\/en\\\/urun\\\/bul-eglen-3-4-yas\\\/#breadcrumb\",\"itemListElement\":[{\"@type\":\"ListItem\",\"position\":1,\"name\":\"Ana sayfa\",\"item\":\"https:\\\/\\\/www.limonkids.com\\\/en\\\/\"},{\"@type\":\"ListItem\",\"position\":2,\"name\":\"Shop\",\"item\":\"https:\\\/\\\/www.limonkids.com\\\/en\\\/shop\\\/\"},{\"@type\":\"ListItem\",\"position\":3,\"name\":\"Have Fun and Learn 3-4 Age\"}]},{\"@type\":\"WebSite\",\"@id\":\"https:\\\/\\\/www.limonkids.com\\\/en\\\/#website\",\"url\":\"https:\\\/\\\/www.limonkids.com\\\/en\\\/\",\"name\":\"Limon Kids\",\"description\":\"\",\"publisher\":{\"@id\":\"https:\\\/\\\/www.limonkids.com\\\/en\\\/#organization\"},\"potentialAction\":[{\"@type\":\"SearchAction\",\"target\":{\"@type\":\"EntryPoint\",\"urlTemplate\":\"https:\\\/\\\/www.limonkids.com\\\/en\\\/?s={search_term_string}\"},\"query-input\":{\"@type\":\"PropertyValueSpecification\",\"valueRequired\":true,\"valueName\":\"search_term_string\"}}],\"inLanguage\":\"en-US\"},{\"@type\":\"Organization\",\"@id\":\"https:\\\/\\\/www.limonkids.com\\\/en\\\/#organization\",\"name\":\"Limon Kids\",\"url\":\"https:\\\/\\\/www.limonkids.com\\\/en\\\/\",\"logo\":{\"@type\":\"ImageObject\",\"inLanguage\":\"en-US\",\"@id\":\"https:\\\/\\\/www.limonkids.com\\\/en\\\/#\\\/schema\\\/logo\\\/image\\\/\",\"url\":\"https:\\\/\\\/limonkids.com\\\/wp-content\\\/uploads\\\/2020\\\/11\\\/Limon-Kids-Logo-1-1-1-1.png\",\"contentUrl\":\"https:\\\/\\\/limonkids.com\\\/wp-content\\\/uploads\\\/2020\\\/11\\\/Limon-Kids-Logo-1-1-1-1.png\",\"width\":150,\"height\":100,\"caption\":\"Limon Kids\"},\"image\":{\"@id\":\"https:\\\/\\\/www.limonkids.com\\\/en\\\/#\\\/schema\\\/logo\\\/image\\\/\"},\"sameAs\":[\"https:\\\/\\\/www.youtube.com\\\/channel\\\/UCpXnQvyyWSjrasV-3ODe41A\"]}]}<\/script>\n<!-- \/ Yoast SEO plugin. -->","yoast_head_json":{"title":"Have Fun and Learn 3-4 Age - Limon Kids","description":"\u00c7ocuklar birbirinden e\u011flenceli g\u00f6rseller e\u015fli\u011finde e\u011flenceli okul \u00f6ncesi aktiviteleri yapacak, farkl\u0131 geli\u015fim alanlar\u0131n\u0131 destekleyecek.","robots":{"index":"index","follow":"follow","max-snippet":"max-snippet:-1","max-image-preview":"max-image-preview:large","max-video-preview":"max-video-preview:-1"},"canonical":"https:\/\/www.limonkids.com\/en\/urun\/bul-eglen-3-4-yas\/","og_locale":"en_US","og_type":"article","og_title":"Have Fun and Learn 3-4 Age - Limon Kids","og_description":"\u00c7ocuklar birbirinden e\u011flenceli g\u00f6rseller e\u015fli\u011finde e\u011flenceli okul \u00f6ncesi aktiviteleri yapacak, farkl\u0131 geli\u015fim alanlar\u0131n\u0131 destekleyecek.","og_url":"https:\/\/www.limonkids.com\/en\/urun\/bul-eglen-3-4-yas\/","og_site_name":"Limon Kids","article_modified_time":"2024-01-08T21:33:28+00:00","og_image":[{"width":2567,"height":3334,"url":"https:\/\/www.limonkids.com\/wp-content\/uploads\/2023\/11\/Niha_BulEglen_3-4Yas_Boyutlu.png","type":"image\/png"}],"twitter_card":"summary_large_image","twitter_misc":{"Est. reading time":"1 minute"},"schema":{"@context":"https:\/\/schema.org","@graph":[{"@type":"WebPage","@id":"https:\/\/www.limonkids.com\/en\/urun\/bul-eglen-3-4-yas\/","url":"https:\/\/www.limonkids.com\/en\/urun\/bul-eglen-3-4-yas\/","name":"Have Fun and Learn 3-4 Age - Limon Kids","isPartOf":{"@id":"https:\/\/www.limonkids.com\/en\/#website"},"primaryImageOfPage":{"@id":"https:\/\/www.limonkids.com\/en\/urun\/bul-eglen-3-4-yas\/#primaryimage"},"image":{"@id":"https:\/\/www.limonkids.com\/en\/urun\/bul-eglen-3-4-yas\/#primaryimage"},"thumbnailUrl":"https:\/\/www.limonkids.com\/wp-content\/uploads\/2023\/11\/Niha_BulEglen_3-4Yas_Boyutlu.png","datePublished":"2023-11-09T09:59:31+00:00","dateModified":"2024-01-08T21:33:28+00:00","description":"\u00c7ocuklar birbirinden e\u011flenceli g\u00f6rseller e\u015fli\u011finde e\u011flenceli okul \u00f6ncesi aktiviteleri yapacak, farkl\u0131 geli\u015fim alanlar\u0131n\u0131 destekleyecek.","breadcrumb":{"@id":"https:\/\/www.limonkids.com\/en\/urun\/bul-eglen-3-4-yas\/#breadcrumb"},"inLanguage":"en-US","potentialAction":[{"@type":"ReadAction","target":["https:\/\/www.limonkids.com\/en\/urun\/bul-eglen-3-4-yas\/"]}]},{"@type":"ImageObject","inLanguage":"en-US","@id":"https:\/\/www.limonkids.com\/en\/urun\/bul-eglen-3-4-yas\/#primaryimage","url":"https:\/\/www.limonkids.com\/wp-content\/uploads\/2023\/11\/Niha_BulEglen_3-4Yas_Boyutlu.png","contentUrl":"https:\/\/www.limonkids.com\/wp-content\/uploads\/2023\/11\/Niha_BulEglen_3-4Yas_Boyutlu.png","width":2567,"height":3334},{"@type":"BreadcrumbList","@id":"https:\/\/www.limonkids.com\/en\/urun\/bul-eglen-3-4-yas\/#breadcrumb","itemListElement":[{"@type":"ListItem","position":1,"name":"Ana sayfa","item":"https:\/\/www.limonkids.com\/en\/"},{"@type":"ListItem","position":2,"name":"Shop","item":"https:\/\/www.limonkids.com\/en\/shop\/"},{"@type":"ListItem","position":3,"name":"Have Fun and Learn 3-4 Age"}]},{"@type":"WebSite","@id":"https:\/\/www.limonkids.com\/en\/#website","url":"https:\/\/www.limonkids.com\/en\/","name":"Limon Kids","description":"","publisher":{"@id":"https:\/\/www.limonkids.com\/en\/#organization"},"potentialAction":[{"@type":"SearchAction","target":{"@type":"EntryPoint","urlTemplate":"https:\/\/www.limonkids.com\/en\/?s={search_term_string}"},"query-input":{"@type":"PropertyValueSpecification","valueRequired":true,"valueName":"search_term_string"}}],"inLanguage":"en-US"},{"@type":"Organization","@id":"https:\/\/www.limonkids.com\/en\/#organization","name":"Limon Kids","url":"https:\/\/www.limonkids.com\/en\/","logo":{"@type":"ImageObject","inLanguage":"en-US","@id":"https:\/\/www.limonkids.com\/en\/#\/schema\/logo\/image\/","url":"https:\/\/limonkids.com\/wp-content\/uploads\/2020\/11\/Limon-Kids-Logo-1-1-1-1.png","contentUrl":"https:\/\/limonkids.com\/wp-content\/uploads\/2020\/11\/Limon-Kids-Logo-1-1-1-1.png","width":150,"height":100,"caption":"Limon Kids"},"image":{"@id":"https:\/\/www.limonkids.com\/en\/#\/schema\/logo\/image\/"},"sameAs":["https:\/\/www.youtube.com\/channel\/UCpXnQvyyWSjrasV-3ODe41A"]}]}},"_links":{"self":[{"href":"https:\/\/www.limonkids.com\/en\/wp-json\/wp\/v2\/product\/4925","targetHints":{"allow":["GET"]}}],"collection":[{"href":"https:\/\/www.limonkids.com\/en\/wp-json\/wp\/v2\/product"}],"about":[{"href":"https:\/\/www.limonkids.com\/en\/wp-json\/wp\/v2\/types\/product"}],"wp:featuredmedia":[{"embeddable":true,"href":"https:\/\/www.limonkids.com\/en\/wp-json\/wp\/v2\/media\/4729"}],"wp:attachment":[{"href":"https:\/\/www.limonkids.com\/en\/wp-json\/wp\/v2\/media?parent=4925"}],"wp:term":[{"taxonomy":"product_brand","embeddable":true,"href":"https:\/\/www.limonkids.com\/en\/wp-json\/wp\/v2\/product_brand?post=4925"},{"taxonomy":"product_cat","embeddable":true,"href":"https:\/\/www.limonkids.com\/en\/wp-json\/wp\/v2\/product_cat?post=4925"},{"taxonomy":"product_tag","embeddable":true,"href":"https:\/\/www.limonkids.com\/en\/wp-json\/wp\/v2\/product_tag?post=4925"}],"curies":[{"name":"wp","href":"https:\/\/api.w.org\/{rel}","templated":true}]}}