{"id":4920,"date":"2023-11-09T18:30:58","date_gmt":"2023-11-09T15:30:58","guid":{"rendered":"https:\/\/limonkids.com\/urun\/4-6-yas-kucuk-kucuk-serisi\/"},"modified":"2023-11-09T18:30:58","modified_gmt":"2023-11-09T15:30:58","slug":"4-6-yas-kucuk-kucuk-serisi","status":"publish","type":"product","link":"https:\/\/www.limonkids.com\/en\/urun\/4-6-yas-kucuk-kucuk-serisi\/","title":{"rendered":"4-6 YA\u015e K\u00dc\u00c7\u00dcK K\u00dc\u00c7\u00dcK SER\u0130S\u0130"},"content":{"rendered":"<table>\n<tbody>\n<tr>\n<td><strong>Cilt Bilgisi<\/strong>: Tel Diki\u015f<\/p>\n<p><strong>Sayfa Say\u0131s\u0131: <\/strong>16 x 8<\/p>\n<p><strong>Kitap Boyutlar\u0131:<\/strong> 11,4 x 16,5 cm<\/p>\n<p><strong>ISBN No: <\/strong>2000944489457<\/p>\n<p><strong>Barkod No: <\/strong>2000944489457<\/td>\n<\/tr>\n<\/tbody>\n<\/table>\n","protected":false},"excerpt":{"rendered":"<table>\n<tbody>\n<tr>\n<td><strong>K\u00fc\u00e7\u00fck K\u00fc\u00e7\u00fck Serisi<\/strong>, ebad\u0131 ve sayfa say\u0131s\u0131yla b\u00fct\u00fcn \u00e7ocuklar\u0131n e\u011flenceli ve nitelikli kitaplara ula\u015fabilmesini hedefliyor. Birbirinden farkl\u0131 ba\u015fl\u0131klar, \u00e7ocuklar\u0131n dikkatini \u00e7ekecek tema ve objeler kullan\u0131larak haz\u0131rlanan orijinal al\u0131\u015ft\u0131rmalar, okul \u00f6ncesi \u00e7ocuklar\u0131na farkl\u0131 bir deneyim sunuyor.<\/p>\n<p>Serideki kitaplar:<\/p>\n<p><strong>Robotlar Aktivite Kitab\u0131m<\/strong><\/p>\n<p><strong>Sudoku<\/strong><\/p>\n<table>\n<tbody>\n<tr>\n<td><strong>Dinozorlar Matematik Kitab\u0131m<\/strong><\/p>\n<p><strong> Ta\u015f\u0131tlar Konumunu Bul Kitab\u0131m<\/strong><\/p>\n<p><strong> Haf\u0131za ve Dikkat<\/strong><\/p>\n<p><strong> Fark\u0131 Bul<\/strong><\/p>\n<p><strong> Ara Bul<\/strong><\/p>\n<p><strong> E\u011flen \u00d6\u011fren<\/strong><\/td>\n<\/tr>\n<\/tbody>\n<\/table>\n<\/td>\n<\/tr>\n<\/tbody>\n<\/table>\n","protected":false},"featured_media":3831,"template":"","meta":{"_acf_changed":false},"product_brand":[],"product_cat":[111],"product_tag":[117],"class_list":{"0":"post-4920","1":"product","2":"type-product","3":"status-publish","4":"has-post-thumbnail","6":"product_cat-activity-books","7":"product_tag-3-age","9":"first","10":"instock","11":"shipping-taxable","12":"product-type-simple"},"acf":[],"yoast_head":"<!-- This site is optimized with the Yoast SEO plugin v27.4 - https:\/\/yoast.com\/product\/yoast-seo-wordpress\/ -->\n<title>4-6 YA\u015e K\u00dc\u00c7\u00dcK K\u00dc\u00c7\u00dcK SER\u0130S\u0130 - Limon Kids<\/title>\n<meta name=\"robots\" content=\"index, follow, max-snippet:-1, max-image-preview:large, max-video-preview:-1\" \/>\n<link rel=\"canonical\" href=\"https:\/\/www.limonkids.com\/en\/urun\/4-6-yas-kucuk-kucuk-serisi\/\" \/>\n<meta property=\"og:locale\" content=\"en_US\" \/>\n<meta property=\"og:type\" content=\"article\" \/>\n<meta property=\"og:title\" content=\"4-6 YA\u015e K\u00dc\u00c7\u00dcK K\u00dc\u00c7\u00dcK SER\u0130S\u0130 - Limon Kids\" \/>\n<meta property=\"og:description\" content=\"K\u00fc\u00e7\u00fck K\u00fc\u00e7\u00fck Serisi, ebad\u0131 ve sayfa say\u0131s\u0131yla b\u00fct\u00fcn \u00e7ocuklar\u0131n e\u011flenceli ve nitelikli kitaplara ula\u015fabilmesini hedefliyor. Birbirinden farkl\u0131 ba\u015fl\u0131klar, \u00e7ocuklar\u0131n dikkatini \u00e7ekecek tema ve objeler kullan\u0131larak haz\u0131rlanan orijinal al\u0131\u015ft\u0131rmalar, okul \u00f6ncesi \u00e7ocuklar\u0131na farkl\u0131 bir deneyim sunuyor. Serideki kitaplar: Robotlar Aktivite Kitab\u0131m Sudoku  Dinozorlar Matematik Kitab\u0131m  Ta\u015f\u0131tlar Konumunu Bul Kitab\u0131m  Haf\u0131za ve Dikkat  Fark\u0131 Bul  Ara Bul  E\u011flen \u00d6\u011fren\" \/>\n<meta property=\"og:url\" content=\"https:\/\/www.limonkids.com\/en\/urun\/4-6-yas-kucuk-kucuk-serisi\/\" \/>\n<meta property=\"og:site_name\" content=\"Limon Kids\" \/>\n<meta property=\"og:image\" content=\"https:\/\/www.limonkids.com\/wp-content\/uploads\/2023\/11\/KKS_Toplu_KAPAK_2.png\" \/>\n\t<meta property=\"og:image:width\" content=\"2027\" \/>\n\t<meta property=\"og:image:height\" content=\"2550\" \/>\n\t<meta property=\"og:image:type\" content=\"image\/png\" \/>\n<meta name=\"twitter:card\" content=\"summary_large_image\" \/>\n<script type=\"application\/ld+json\" class=\"yoast-schema-graph\">{\"@context\":\"https:\\\/\\\/schema.org\",\"@graph\":[{\"@type\":\"WebPage\",\"@id\":\"https:\\\/\\\/www.limonkids.com\\\/en\\\/urun\\\/4-6-yas-kucuk-kucuk-serisi\\\/\",\"url\":\"https:\\\/\\\/www.limonkids.com\\\/en\\\/urun\\\/4-6-yas-kucuk-kucuk-serisi\\\/\",\"name\":\"4-6 YA\u015e K\u00dc\u00c7\u00dcK K\u00dc\u00c7\u00dcK SER\u0130S\u0130 - Limon Kids\",\"isPartOf\":{\"@id\":\"https:\\\/\\\/www.limonkids.com\\\/en\\\/#website\"},\"primaryImageOfPage\":{\"@id\":\"https:\\\/\\\/www.limonkids.com\\\/en\\\/urun\\\/4-6-yas-kucuk-kucuk-serisi\\\/#primaryimage\"},\"image\":{\"@id\":\"https:\\\/\\\/www.limonkids.com\\\/en\\\/urun\\\/4-6-yas-kucuk-kucuk-serisi\\\/#primaryimage\"},\"thumbnailUrl\":\"https:\\\/\\\/www.limonkids.com\\\/wp-content\\\/uploads\\\/2023\\\/11\\\/KKS_Toplu_KAPAK_2.png\",\"datePublished\":\"2023-11-09T15:30:58+00:00\",\"breadcrumb\":{\"@id\":\"https:\\\/\\\/www.limonkids.com\\\/en\\\/urun\\\/4-6-yas-kucuk-kucuk-serisi\\\/#breadcrumb\"},\"inLanguage\":\"en-US\",\"potentialAction\":[{\"@type\":\"ReadAction\",\"target\":[\"https:\\\/\\\/www.limonkids.com\\\/en\\\/urun\\\/4-6-yas-kucuk-kucuk-serisi\\\/\"]}]},{\"@type\":\"ImageObject\",\"inLanguage\":\"en-US\",\"@id\":\"https:\\\/\\\/www.limonkids.com\\\/en\\\/urun\\\/4-6-yas-kucuk-kucuk-serisi\\\/#primaryimage\",\"url\":\"https:\\\/\\\/www.limonkids.com\\\/wp-content\\\/uploads\\\/2023\\\/11\\\/KKS_Toplu_KAPAK_2.png\",\"contentUrl\":\"https:\\\/\\\/www.limonkids.com\\\/wp-content\\\/uploads\\\/2023\\\/11\\\/KKS_Toplu_KAPAK_2.png\",\"width\":2027,\"height\":2550},{\"@type\":\"BreadcrumbList\",\"@id\":\"https:\\\/\\\/www.limonkids.com\\\/en\\\/urun\\\/4-6-yas-kucuk-kucuk-serisi\\\/#breadcrumb\",\"itemListElement\":[{\"@type\":\"ListItem\",\"position\":1,\"name\":\"Ana sayfa\",\"item\":\"https:\\\/\\\/www.limonkids.com\\\/en\\\/\"},{\"@type\":\"ListItem\",\"position\":2,\"name\":\"Shop\",\"item\":\"https:\\\/\\\/www.limonkids.com\\\/en\\\/shop\\\/\"},{\"@type\":\"ListItem\",\"position\":3,\"name\":\"4-6 YA\u015e K\u00dc\u00c7\u00dcK K\u00dc\u00c7\u00dcK SER\u0130S\u0130\"}]},{\"@type\":\"WebSite\",\"@id\":\"https:\\\/\\\/www.limonkids.com\\\/en\\\/#website\",\"url\":\"https:\\\/\\\/www.limonkids.com\\\/en\\\/\",\"name\":\"Limon Kids\",\"description\":\"\",\"publisher\":{\"@id\":\"https:\\\/\\\/www.limonkids.com\\\/en\\\/#organization\"},\"potentialAction\":[{\"@type\":\"SearchAction\",\"target\":{\"@type\":\"EntryPoint\",\"urlTemplate\":\"https:\\\/\\\/www.limonkids.com\\\/en\\\/?s={search_term_string}\"},\"query-input\":{\"@type\":\"PropertyValueSpecification\",\"valueRequired\":true,\"valueName\":\"search_term_string\"}}],\"inLanguage\":\"en-US\"},{\"@type\":\"Organization\",\"@id\":\"https:\\\/\\\/www.limonkids.com\\\/en\\\/#organization\",\"name\":\"Limon Kids\",\"url\":\"https:\\\/\\\/www.limonkids.com\\\/en\\\/\",\"logo\":{\"@type\":\"ImageObject\",\"inLanguage\":\"en-US\",\"@id\":\"https:\\\/\\\/www.limonkids.com\\\/en\\\/#\\\/schema\\\/logo\\\/image\\\/\",\"url\":\"https:\\\/\\\/limonkids.com\\\/wp-content\\\/uploads\\\/2020\\\/11\\\/Limon-Kids-Logo-1-1-1-1.png\",\"contentUrl\":\"https:\\\/\\\/limonkids.com\\\/wp-content\\\/uploads\\\/2020\\\/11\\\/Limon-Kids-Logo-1-1-1-1.png\",\"width\":150,\"height\":100,\"caption\":\"Limon Kids\"},\"image\":{\"@id\":\"https:\\\/\\\/www.limonkids.com\\\/en\\\/#\\\/schema\\\/logo\\\/image\\\/\"},\"sameAs\":[\"https:\\\/\\\/www.youtube.com\\\/channel\\\/UCpXnQvyyWSjrasV-3ODe41A\"]}]}<\/script>\n<!-- \/ Yoast SEO plugin. -->","yoast_head_json":{"title":"4-6 YA\u015e K\u00dc\u00c7\u00dcK K\u00dc\u00c7\u00dcK SER\u0130S\u0130 - Limon Kids","robots":{"index":"index","follow":"follow","max-snippet":"max-snippet:-1","max-image-preview":"max-image-preview:large","max-video-preview":"max-video-preview:-1"},"canonical":"https:\/\/www.limonkids.com\/en\/urun\/4-6-yas-kucuk-kucuk-serisi\/","og_locale":"en_US","og_type":"article","og_title":"4-6 YA\u015e K\u00dc\u00c7\u00dcK K\u00dc\u00c7\u00dcK SER\u0130S\u0130 - Limon Kids","og_description":"K\u00fc\u00e7\u00fck K\u00fc\u00e7\u00fck Serisi, ebad\u0131 ve sayfa say\u0131s\u0131yla b\u00fct\u00fcn \u00e7ocuklar\u0131n e\u011flenceli ve nitelikli kitaplara ula\u015fabilmesini hedefliyor. Birbirinden farkl\u0131 ba\u015fl\u0131klar, \u00e7ocuklar\u0131n dikkatini \u00e7ekecek tema ve objeler kullan\u0131larak haz\u0131rlanan orijinal al\u0131\u015ft\u0131rmalar, okul \u00f6ncesi \u00e7ocuklar\u0131na farkl\u0131 bir deneyim sunuyor. Serideki kitaplar: Robotlar Aktivite Kitab\u0131m Sudoku  Dinozorlar Matematik Kitab\u0131m  Ta\u015f\u0131tlar Konumunu Bul Kitab\u0131m  Haf\u0131za ve Dikkat  Fark\u0131 Bul  Ara Bul  E\u011flen \u00d6\u011fren","og_url":"https:\/\/www.limonkids.com\/en\/urun\/4-6-yas-kucuk-kucuk-serisi\/","og_site_name":"Limon Kids","og_image":[{"width":2027,"height":2550,"url":"https:\/\/www.limonkids.com\/wp-content\/uploads\/2023\/11\/KKS_Toplu_KAPAK_2.png","type":"image\/png"}],"twitter_card":"summary_large_image","schema":{"@context":"https:\/\/schema.org","@graph":[{"@type":"WebPage","@id":"https:\/\/www.limonkids.com\/en\/urun\/4-6-yas-kucuk-kucuk-serisi\/","url":"https:\/\/www.limonkids.com\/en\/urun\/4-6-yas-kucuk-kucuk-serisi\/","name":"4-6 YA\u015e K\u00dc\u00c7\u00dcK K\u00dc\u00c7\u00dcK SER\u0130S\u0130 - Limon Kids","isPartOf":{"@id":"https:\/\/www.limonkids.com\/en\/#website"},"primaryImageOfPage":{"@id":"https:\/\/www.limonkids.com\/en\/urun\/4-6-yas-kucuk-kucuk-serisi\/#primaryimage"},"image":{"@id":"https:\/\/www.limonkids.com\/en\/urun\/4-6-yas-kucuk-kucuk-serisi\/#primaryimage"},"thumbnailUrl":"https:\/\/www.limonkids.com\/wp-content\/uploads\/2023\/11\/KKS_Toplu_KAPAK_2.png","datePublished":"2023-11-09T15:30:58+00:00","breadcrumb":{"@id":"https:\/\/www.limonkids.com\/en\/urun\/4-6-yas-kucuk-kucuk-serisi\/#breadcrumb"},"inLanguage":"en-US","potentialAction":[{"@type":"ReadAction","target":["https:\/\/www.limonkids.com\/en\/urun\/4-6-yas-kucuk-kucuk-serisi\/"]}]},{"@type":"ImageObject","inLanguage":"en-US","@id":"https:\/\/www.limonkids.com\/en\/urun\/4-6-yas-kucuk-kucuk-serisi\/#primaryimage","url":"https:\/\/www.limonkids.com\/wp-content\/uploads\/2023\/11\/KKS_Toplu_KAPAK_2.png","contentUrl":"https:\/\/www.limonkids.com\/wp-content\/uploads\/2023\/11\/KKS_Toplu_KAPAK_2.png","width":2027,"height":2550},{"@type":"BreadcrumbList","@id":"https:\/\/www.limonkids.com\/en\/urun\/4-6-yas-kucuk-kucuk-serisi\/#breadcrumb","itemListElement":[{"@type":"ListItem","position":1,"name":"Ana sayfa","item":"https:\/\/www.limonkids.com\/en\/"},{"@type":"ListItem","position":2,"name":"Shop","item":"https:\/\/www.limonkids.com\/en\/shop\/"},{"@type":"ListItem","position":3,"name":"4-6 YA\u015e K\u00dc\u00c7\u00dcK K\u00dc\u00c7\u00dcK SER\u0130S\u0130"}]},{"@type":"WebSite","@id":"https:\/\/www.limonkids.com\/en\/#website","url":"https:\/\/www.limonkids.com\/en\/","name":"Limon Kids","description":"","publisher":{"@id":"https:\/\/www.limonkids.com\/en\/#organization"},"potentialAction":[{"@type":"SearchAction","target":{"@type":"EntryPoint","urlTemplate":"https:\/\/www.limonkids.com\/en\/?s={search_term_string}"},"query-input":{"@type":"PropertyValueSpecification","valueRequired":true,"valueName":"search_term_string"}}],"inLanguage":"en-US"},{"@type":"Organization","@id":"https:\/\/www.limonkids.com\/en\/#organization","name":"Limon Kids","url":"https:\/\/www.limonkids.com\/en\/","logo":{"@type":"ImageObject","inLanguage":"en-US","@id":"https:\/\/www.limonkids.com\/en\/#\/schema\/logo\/image\/","url":"https:\/\/limonkids.com\/wp-content\/uploads\/2020\/11\/Limon-Kids-Logo-1-1-1-1.png","contentUrl":"https:\/\/limonkids.com\/wp-content\/uploads\/2020\/11\/Limon-Kids-Logo-1-1-1-1.png","width":150,"height":100,"caption":"Limon Kids"},"image":{"@id":"https:\/\/www.limonkids.com\/en\/#\/schema\/logo\/image\/"},"sameAs":["https:\/\/www.youtube.com\/channel\/UCpXnQvyyWSjrasV-3ODe41A"]}]}},"_links":{"self":[{"href":"https:\/\/www.limonkids.com\/en\/wp-json\/wp\/v2\/product\/4920","targetHints":{"allow":["GET"]}}],"collection":[{"href":"https:\/\/www.limonkids.com\/en\/wp-json\/wp\/v2\/product"}],"about":[{"href":"https:\/\/www.limonkids.com\/en\/wp-json\/wp\/v2\/types\/product"}],"wp:featuredmedia":[{"embeddable":true,"href":"https:\/\/www.limonkids.com\/en\/wp-json\/wp\/v2\/media\/3831"}],"wp:attachment":[{"href":"https:\/\/www.limonkids.com\/en\/wp-json\/wp\/v2\/media?parent=4920"}],"wp:term":[{"taxonomy":"product_brand","embeddable":true,"href":"https:\/\/www.limonkids.com\/en\/wp-json\/wp\/v2\/product_brand?post=4920"},{"taxonomy":"product_cat","embeddable":true,"href":"https:\/\/www.limonkids.com\/en\/wp-json\/wp\/v2\/product_cat?post=4920"},{"taxonomy":"product_tag","embeddable":true,"href":"https:\/\/www.limonkids.com\/en\/wp-json\/wp\/v2\/product_tag?post=4920"}],"curies":[{"name":"wp","href":"https:\/\/api.w.org\/{rel}","templated":true}]}}